{"id":17,"date":"2024-04-10T09:25:16","date_gmt":"2024-04-10T09:25:16","guid":{"rendered":"https:\/\/www.ecoenergy.at\/?page_id=17"},"modified":"2024-04-14T23:32:33","modified_gmt":"2024-04-14T21:32:33","slug":"regeneration","status":"publish","type":"page","link":"https:\/\/www.ecoenergy.at\/index.php\/regeneration\/","title":{"rendered":"Regeneration"},"content":{"rendered":"\r\n<div id=\"accordion-slider-3\" class=\"accordion-slider as-no-js\" style=\"width: 800px; height: 400px;\">\r\n\t<div class=\"as-panels\">\r\n\t\t\r\n\t\t<div class=\"as-panel\">\r\n\t\t\t<img loading=\"lazy\" decoding=\"async\" class=\"as-background\" src=\"https:\/\/test.ecoenergy.at\/wp-content\/uploads\/2024\/04\/Screenshot-2024-04-13-at-23-22-46-MiMaMarkt.png\" width=\"1352\" height=\"895\" \/>\r\n\t\t<\/div>\r\n\t\t<div class=\"as-panel\">\r\n\t\t\t<img loading=\"lazy\" decoding=\"async\" class=\"as-background\" src=\"https:\/\/test.ecoenergy.at\/wp-content\/uploads\/2024\/04\/IMG_20240412_123201_085.jpg\" width=\"1024\" height=\"768\" \/>\r\n\t\t<\/div>\r\n\t\t<div class=\"as-panel\">\r\n\t\t\t<img loading=\"lazy\" decoding=\"async\" class=\"as-background\" src=\"https:\/\/test.ecoenergy.at\/wp-content\/uploads\/2024\/04\/IMG_20240407_151026_273.jpg\" width=\"1024\" height=\"768\" \/>\r\n\t\t<\/div>\r\n\t\t<div class=\"as-panel\">\r\n\t\t\t<img loading=\"lazy\" decoding=\"async\" class=\"as-background\" src=\"https:\/\/test.ecoenergy.at\/wp-content\/uploads\/2024\/04\/IMG_20240407_150753_666.jpg\" width=\"1024\" height=\"768\" \/>\r\n\t\t<\/div>\r\n\t\t<div class=\"as-panel\">\r\n\t\t\t<img loading=\"lazy\" decoding=\"async\" class=\"as-background\" src=\"https:\/\/test.ecoenergy.at\/wp-content\/uploads\/2024\/04\/IMG_20240407_141254_844.jpg\" width=\"1024\" height=\"768\" \/>\r\n\t\t<\/div>\r\n\t\t<div class=\"as-panel\">\r\n\t\t\t<img loading=\"lazy\" decoding=\"async\" class=\"as-background\" src=\"https:\/\/test.ecoenergy.at\/wp-content\/uploads\/2024\/04\/IMG_20240407_140433_761.jpg\" width=\"1024\" height=\"768\" \/>\r\n\t\t<\/div>\r\n\t<\/div>\r\n<\/div>\n\n\n\n<p>Gelebte Regeneration in K\u00e4rnten gibt es an vielen Orten, u.A. wo Oliver H\u00f6nigsberger mitgeholfen hat: <a href=\"https:\/\/friesachimwandel.at\/\" data-type=\"link\" data-id=\"https:\/\/friesachimwandel.at\/\" target=\"_blank\" rel=\"noreferrer noopener\">Friesach<\/a> <a href=\"https:\/\/www.millstaettersee.com\/de\/doebriach-radenthein\/info\/kost-nix-laden.html\" data-type=\"link\" data-id=\"https:\/\/www.millstaettersee.com\/de\/doebriach-radenthein\/info\/kost-nix-laden.html\" target=\"_blank\" rel=\"noreferrer noopener\">Radenthein<\/a> <a href=\"https:\/\/www.meinbezirk.at\/spittal\/c-lokales\/fair-schenken-in-obermillstatt_a4790081\" target=\"_blank\" rel=\"noreferrer noopener\">Obermillstadt<\/a> <a href=\"https:\/\/www.mimamarkt.at\/\" data-type=\"link\" data-id=\"https:\/\/www.mimamarkt.at\/\" target=\"_blank\" rel=\"noreferrer noopener\">Klagenfurt<\/a><\/p>\n\n\n\n<p>Regeneration ist die logische Konsequenz wenn man Nachhaltigkeit genauer hinterfragt.<\/p>\n\n\n\n<p>Nachhaltigkeit bewahrt, Regeneration baut wieder Reserven auf, falls durch \u00e4u\u00dfere Einfl\u00fcsse ein zellul\u00e4res, \u00f6kologisches, soziales oder wirtschaftliches System gest\u00f6rt wird.<\/p>\n\n\n\n<p>In jedem dieser Systeme gibt es Formen f\u00fcr Energiespeicher, Optimierung des synergischen Zusammenspiels und gutes Zusammenspiel von Ruhephasen und Aktivit\u00e4tsphasen bei regenerativer Landwirtschaft z.B. Humusaufbau.<\/p>\n\n\n\n<p>Optimal ist die Verwendung von Energiequellen die durch Umwandlung in Arbeitsenergie keine Einfl\u00fcsse in die Systeme nehmen (z.B. Sonnenenergie statt chemischer Energie, Vegetarisch statt Fleisch, Bahnfahren statt Auto unsw.)<\/p>\n\n\n\n<h4 class=\"wp-block-heading\">Regenerative Kulturen<\/h4>\n\n\n\n<figure class=\"wp-block-image size-large\"><img loading=\"lazy\" decoding=\"async\" width=\"1024\" height=\"658\" src=\"https:\/\/www.ecoenergy.at\/wp-content\/uploads\/2024\/04\/Screenshot-2024-04-14-at-23-10-06-1-T7dxbgoO0PL0g415AIFWCQ.webp-WEBP-Grafik-2048-\u00d7-1328-Pixel-Skaliert-54-1024x658.png\" alt=\"\" class=\"wp-image-113\" srcset=\"https:\/\/www.ecoenergy.at\/wp-content\/uploads\/2024\/04\/Screenshot-2024-04-14-at-23-10-06-1-T7dxbgoO0PL0g415AIFWCQ.webp-WEBP-Grafik-2048-\u00d7-1328-Pixel-Skaliert-54-1024x658.png 1024w, https:\/\/www.ecoenergy.at\/wp-content\/uploads\/2024\/04\/Screenshot-2024-04-14-at-23-10-06-1-T7dxbgoO0PL0g415AIFWCQ.webp-WEBP-Grafik-2048-\u00d7-1328-Pixel-Skaliert-54-300x193.png 300w, https:\/\/www.ecoenergy.at\/wp-content\/uploads\/2024\/04\/Screenshot-2024-04-14-at-23-10-06-1-T7dxbgoO0PL0g415AIFWCQ.webp-WEBP-Grafik-2048-\u00d7-1328-Pixel-Skaliert-54-768x494.png 768w, https:\/\/www.ecoenergy.at\/wp-content\/uploads\/2024\/04\/Screenshot-2024-04-14-at-23-10-06-1-T7dxbgoO0PL0g415AIFWCQ.webp-WEBP-Grafik-2048-\u00d7-1328-Pixel-Skaliert-54.png 1381w\" sizes=\"auto, (max-width: 1024px) 100vw, 1024px\" \/><figcaption class=\"wp-element-caption\">(c) www.researchgate.net<\/figcaption><\/figure>\n\n\n\n<p>Verweise:<\/p>\n\n\n\n<ul class=\"wp-block-list\">\n<li><a href=\"https:\/\/xr-regenerativecultures.org\">https:\/\/xr-regenerativecultures.org<\/a><\/li>\n\n\n\n<li><a href=\"https:\/\/www.researchgate.net\/figure\/Beyond-sustainability-Designing-regenerative-cultures-based-on-Reed-2006-Roland_fig3_350491427\">https:\/\/www.researchgate.net\/figure\/Beyond-sustainability-Designing-regenerative-cultures-based-on-Reed-2006-Roland_fig3_350491427<\/a><\/li>\n\n\n\n<li><a href=\"https:\/\/medium.com\/insurge-intelligence\/join-the-re-generation-designing-regenerative-cultures-77f7868c63cd\">https:\/\/medium.com\/insurge-intelligence\/join-the-re-generation-designing-regenerative-cultures-77f7868c63cd<\/a><\/li>\n<\/ul>\n\n\n\n<h4 class=\"wp-block-heading\">Regenerative \u00d6konomie<\/h4>\n\n\n\n<figure class=\"wp-block-image size-full\"><img loading=\"lazy\" decoding=\"async\" width=\"689\" height=\"689\" src=\"https:\/\/www.ecoenergy.at\/wp-content\/uploads\/2024\/04\/Principles-of-a-Regenerative-Economy-Adapted-from-Capital-Institute-2020.png\" alt=\"\" class=\"wp-image-114\" srcset=\"https:\/\/www.ecoenergy.at\/wp-content\/uploads\/2024\/04\/Principles-of-a-Regenerative-Economy-Adapted-from-Capital-Institute-2020.png 689w, https:\/\/www.ecoenergy.at\/wp-content\/uploads\/2024\/04\/Principles-of-a-Regenerative-Economy-Adapted-from-Capital-Institute-2020-300x300.png 300w, https:\/\/www.ecoenergy.at\/wp-content\/uploads\/2024\/04\/Principles-of-a-Regenerative-Economy-Adapted-from-Capital-Institute-2020-150x150.png 150w\" sizes=\"auto, (max-width: 689px) 100vw, 689px\" \/><figcaption class=\"wp-element-caption\">(c) www.researchgate.net<\/figcaption><\/figure>\n\n\n\n<p>Verweise:<\/p>\n\n\n\n<ul class=\"wp-block-list\">\n<li><a href=\"https:\/\/aplanet.org\/resources\/going-full-circle-regenerative-and-circular-economy\/\" target=\"_blank\" rel=\"noreferrer noopener\">https:\/\/aplanet.org\/resources\/going-full-circle-regenerative-and-circular-economy\/<\/a><\/li>\n\n\n\n<li><a href=\"https:\/\/capitalinstitute.org\/8-principles-regenerative-economy\/\">https:\/\/capitalinstitute.org\/8-principles-regenerative-economy\/<\/a><\/li>\n<\/ul>\n\n\n\n<h4 class=\"wp-block-heading\">Regenerative Landwirtschaft<\/h4>\n\n\n\n<figure class=\"wp-block-image size-full\"><img loading=\"lazy\" decoding=\"async\" width=\"800\" height=\"448\" src=\"https:\/\/www.ecoenergy.at\/wp-content\/uploads\/2024\/04\/regenerative-agriculture.jpg\" alt=\"\" class=\"wp-image-116\" srcset=\"https:\/\/www.ecoenergy.at\/wp-content\/uploads\/2024\/04\/regenerative-agriculture.jpg 800w, https:\/\/www.ecoenergy.at\/wp-content\/uploads\/2024\/04\/regenerative-agriculture-300x168.jpg 300w, https:\/\/www.ecoenergy.at\/wp-content\/uploads\/2024\/04\/regenerative-agriculture-768x430.jpg 768w\" sizes=\"auto, (max-width: 800px) 100vw, 800px\" \/><figcaption class=\"wp-element-caption\">(c) www.southpole.com<\/figcaption><\/figure>\n\n\n\n<p>Als <strong>Aufbauende Landwirtschaft, Regenerative Landwirtschaft<\/strong> oder <strong>Regenerativer Ackerbau<\/strong> wird eine <a href=\"https:\/\/de.wikipedia.org\/wiki\/Landwirtschaft\">Landwirtschaft<\/a> bezeichnet, die die Regeneration des <a href=\"https:\/\/de.wikipedia.org\/wiki\/Boden_(Bodenkunde)\">Bodens<\/a>, insbesondere des Bodenlebens (<a href=\"https:\/\/de.wikipedia.org\/wiki\/Mutterboden\">Mutterboden<\/a>) und der <a href=\"https:\/\/de.wikipedia.org\/wiki\/Biodiversit%C3%A4t\">Biodiversit\u00e4t<\/a>, in den Mittelpunkt ihrer Bem\u00fchungen stellt. Damit wird zum Beispiel die Kr\u00fcmelstruktur und die F\u00e4higkeit des Bodens zur Aufnahme und Speicherung von Wasser verbessert.<sup><a href=\"https:\/\/de.wikipedia.org\/wiki\/Regenerative_Landwirtschaft#cite_note-1\">[1]<\/a><\/sup><sup><a href=\"https:\/\/de.wikipedia.org\/wiki\/Regenerative_Landwirtschaft#cite_note-2\">[2]<\/a><\/sup><\/p>\n\n\n\n<p>Regenerative Landwirtschaft integriert Ideen aus <a href=\"https:\/\/de.wikipedia.org\/wiki\/Konventionelle_Landwirtschaft\">konventioneller Landwirtschaft<\/a>, <a href=\"https:\/\/de.wikipedia.org\/wiki\/%C3%96kologische_Landwirtschaft\">\u00f6kologischer Landwirtschaft<\/a>, <a href=\"https:\/\/de.wikipedia.org\/wiki\/Permakultur\">Permakultur<\/a>, <a href=\"https:\/\/de.wikipedia.org\/wiki\/Agrar%C3%B6kologie\">Agrar\u00f6kologie<\/a>, <a href=\"https:\/\/de.wikipedia.org\/wiki\/Agroforstwirtschaft\">Agroforstwirtschaft<\/a> und <a href=\"https:\/\/de.wikipedia.org\/wiki\/Renaturierungs%C3%B6kologie\">Renaturierungs\u00f6kologie<\/a>.<sup><a href=\"https:\/\/de.wikipedia.org\/wiki\/Regenerative_Landwirtschaft#cite_note-3\">[3]<\/a><\/sup> Sie stellt neben weiteren Zielen eine Form des <a href=\"https:\/\/de.wikipedia.org\/wiki\/Humus\">Humus<\/a>-Managements dar.<sup><a href=\"https:\/\/de.wikipedia.org\/wiki\/Regenerative_Landwirtschaft#cite_note-4\">[4]<\/a><\/sup><\/p>\n\n\n\n<p>Viele Praktiken der regenerativen Landwirtschaft basieren auf alten, traditionellen Methoden, wie zum Beispiel:<\/p>\n\n\n\n<ul class=\"wp-block-list\">\n<li>Stopp der Bodenbearbeitung<\/li>\n\n\n\n<li>Verzicht auf synthetische Pestizide und D\u00fcngemittel<\/li>\n\n\n\n<li>M\u00f6glichst viel lebende Wurzeln und Mulchen f\u00fcr die Bodenbedeckung<\/li>\n\n\n\n<li>Artenvielfalt verbessern durch Abkehr von Monokulturen<\/li>\n\n\n\n<li>Kombination von Viehzucht mit Getreidepflanzen und B\u00e4umen in Agroforst- oder silvopastoralen Systemen<\/li>\n<\/ul>\n\n\n\n<p>Verweise:<\/p>\n\n\n\n<ul class=\"wp-block-list\">\n<li><a href=\"https:\/\/kreislaufwirtschaft.at\/prinzipien\/regenerative-landwirtschaft\">https:\/\/kreislaufwirtschaft.at\/prinzipien\/regenerative-landwirtschaft<\/a><\/li>\n\n\n\n<li><a href=\"https:\/\/humusbewegung.at\/regenerative-landwirtschaft\/\">https:\/\/humusbewegung.at\/regenerative-landwirtschaft\/<\/a><\/li>\n<\/ul>\n\n\n\n<p><\/p>\n","protected":false},"excerpt":{"rendered":"<p>Gelebte Regeneration in K\u00e4rnten gibt es an vielen Orten, u.A. wo Oliver H\u00f6nigsberger mitgeholfen hat: Friesach Radenthein Obermillstadt Klagenfurt Regeneration ist die logische Konsequenz wenn man Nachhaltigkeit genauer hinterfragt. Nachhaltigkeit bewahrt, Regeneration baut wieder Reserven auf, falls durch \u00e4u\u00dfere Einfl\u00fcsse ein zellul\u00e4res, \u00f6kologisches, soziales oder wirtschaftliches System gest\u00f6rt wird. In jedem dieser Systeme gibt es [&hellip;]<\/p>\n","protected":false},"author":1,"featured_media":0,"parent":0,"menu_order":0,"comment_status":"closed","ping_status":"closed","template":"","meta":{"footnotes":""},"class_list":["post-17","page","type-page","status-publish","hentry"],"_links":{"self":[{"href":"https:\/\/www.ecoenergy.at\/index.php\/wp-json\/wp\/v2\/pages\/17","targetHints":{"allow":["GET"]}}],"collection":[{"href":"https:\/\/www.ecoenergy.at\/index.php\/wp-json\/wp\/v2\/pages"}],"about":[{"href":"https:\/\/www.ecoenergy.at\/index.php\/wp-json\/wp\/v2\/types\/page"}],"author":[{"embeddable":true,"href":"https:\/\/www.ecoenergy.at\/index.php\/wp-json\/wp\/v2\/users\/1"}],"replies":[{"embeddable":true,"href":"https:\/\/www.ecoenergy.at\/index.php\/wp-json\/wp\/v2\/comments?post=17"}],"version-history":[{"count":8,"href":"https:\/\/www.ecoenergy.at\/index.php\/wp-json\/wp\/v2\/pages\/17\/revisions"}],"predecessor-version":[{"id":118,"href":"https:\/\/www.ecoenergy.at\/index.php\/wp-json\/wp\/v2\/pages\/17\/revisions\/118"}],"wp:attachment":[{"href":"https:\/\/www.ecoenergy.at\/index.php\/wp-json\/wp\/v2\/media?parent=17"}],"curies":[{"name":"wp","href":"https:\/\/api.w.org\/{rel}","templated":true}]}}